{"id":15,"date":"2020-08-21T19:07:36","date_gmt":"2020-08-21T19:07:36","guid":{"rendered":"http:\/\/krzykawska.com\/?page_id=15"},"modified":"2020-12-07T20:28:09","modified_gmt":"2020-12-07T20:28:09","slug":"about-me","status":"publish","type":"page","link":"https:\/\/krzykawska.com\/index.php\/about-me\/","title":{"rendered":"About Me"},"content":{"rendered":"\t\t<div data-elementor-type=\"wp-page\" data-elementor-id=\"15\" class=\"elementor elementor-15\" data-elementor-settings=\"[]\">\n\t\t\t\t\t\t<div class=\"elementor-inner\">\n\t\t\t\t\t\t\t<div class=\"elementor-section-wrap\">\n\t\t\t\t\t\t\t<section class=\"ob-is-breaking-bad elementor-section elementor-top-section elementor-element elementor-element-401101d elementor-section-boxed elementor-section-height-default elementor-section-height-default elementor-invisible\" data-id=\"401101d\" data-element_type=\"section\" data-settings=\"{&quot;animation&quot;:&quot;fadeInUp&quot;,&quot;_ob_bbad_use_it&quot;:&quot;yes&quot;,&quot;_ob_glider_is_slider&quot;:&quot;no&quot;}\">\n\t\t\t\t\t\t<div class=\"elementor-container elementor-column-gap-default\">\n\t\t\t\t\t\t\t<div class=\"elementor-row\">\n\t\t\t\t\t<div class=\"elementor-column elementor-col-33 elementor-top-column elementor-element elementor-element-c710ccb elementor-invisible\" data-id=\"c710ccb\" data-element_type=\"column\" data-settings=\"{&quot;animation&quot;:&quot;fadeIn&quot;,&quot;animation_delay&quot;:300,&quot;_ob_teleporter_use&quot;:false,&quot;_ob_column_hoveranimator&quot;:&quot;no&quot;}\">\n\t\t\t<div class=\"elementor-column-wrap elementor-element-populated\">\n\t\t\t\t\t\t\t<div class=\"elementor-widget-wrap\">\n\t\t\t\t\t\t<div class=\"elementor-element elementor-element-5199f3f elementor-invisible elementor-widget elementor-widget-image\" data-id=\"5199f3f\" data-element_type=\"widget\" data-settings=\"{&quot;_animation&quot;:&quot;none&quot;,&quot;_ob_photomorph_use&quot;:&quot;no&quot;,&quot;_ob_perspektive_use&quot;:&quot;no&quot;,&quot;_ob_shadough_use&quot;:&quot;no&quot;,&quot;_ob_allow_hoveranimator&quot;:&quot;no&quot;}\" data-widget_type=\"image.default\">\n\t\t\t\t<div class=\"elementor-widget-container\">\n\t\t\t\t\t<div class=\"elementor-image\">\n\t\t\t\t\t\t\t\t\t\t<img width=\"750\" height=\"1000\" src=\"https:\/\/krzykawska.com\/wp-content\/uploads\/2020\/11\/Kasia_portret_2020_AboutMe.jpg\" class=\"attachment-medium_large size-medium_large\" alt=\"\" loading=\"lazy\" srcset=\"https:\/\/krzykawska.com\/wp-content\/uploads\/2020\/11\/Kasia_portret_2020_AboutMe.jpg 750w, https:\/\/krzykawska.com\/wp-content\/uploads\/2020\/11\/Kasia_portret_2020_AboutMe-225x300.jpg 225w\" sizes=\"(max-width: 750px) 100vw, 750px\" \/>\t\t\t\t\t\t\t\t\t\t\t<\/div>\n\t\t\t\t<\/div>\n\t\t\t\t<\/div>\n\t\t\t\t<div class=\"elementor-element elementor-element-a1ce491 elementor-widget-divider--view-line elementor-widget elementor-widget-divider\" data-id=\"a1ce491\" data-element_type=\"widget\" data-settings=\"{&quot;_ob_perspektive_use&quot;:&quot;no&quot;,&quot;_ob_shadough_use&quot;:&quot;no&quot;,&quot;_ob_allow_hoveranimator&quot;:&quot;no&quot;}\" data-widget_type=\"divider.default\">\n\t\t\t\t<div class=\"elementor-widget-container\">\n\t\t\t\t\t<div class=\"elementor-divider\">\n\t\t\t<span class=\"elementor-divider-separator\">\n\t\t\t\t\t\t<\/span>\n\t\t<\/div>\n\t\t\t\t<\/div>\n\t\t\t\t<\/div>\n\t\t\t\t<div class=\"elementor-element elementor-element-9802f4b ob-harakiri-inherit elementor-widget elementor-widget-heading\" data-id=\"9802f4b\" data-element_type=\"widget\" data-settings=\"{&quot;_ob_harakiri_writing_mode&quot;:&quot;inherit&quot;,&quot;_ob_perspektive_use&quot;:&quot;no&quot;,&quot;_ob_shadough_use&quot;:&quot;no&quot;,&quot;_ob_allow_hoveranimator&quot;:&quot;no&quot;}\" data-widget_type=\"heading.default\">\n\t\t\t\t<div class=\"elementor-widget-container\">\n\t\t\t<h1 class=\"elementor-heading-title elementor-size-default\">Katarzyna (Kasia)<br>Krzykawska<\/h1>\t\t<\/div>\n\t\t\t\t<\/div>\n\t\t\t\t\t\t<\/div>\n\t\t\t\t\t<\/div>\n\t\t<\/div>\n\t\t\t\t<div class=\"elementor-column elementor-col-66 elementor-top-column elementor-element elementor-element-0a38f25 elementor-invisible\" data-id=\"0a38f25\" data-element_type=\"column\" data-settings=\"{&quot;animation&quot;:&quot;fadeIn&quot;,&quot;animation_delay&quot;:600,&quot;_ob_teleporter_use&quot;:false,&quot;_ob_column_hoveranimator&quot;:&quot;no&quot;}\">\n\t\t\t<div class=\"elementor-column-wrap elementor-element-populated\">\n\t\t\t\t\t\t\t<div class=\"elementor-widget-wrap\">\n\t\t\t\t\t\t<div class=\"elementor-element elementor-element-97ffe1c ob-harakiri-inherit elementor-widget elementor-widget-text-editor\" data-id=\"97ffe1c\" data-element_type=\"widget\" data-settings=\"{&quot;_ob_harakiri_writing_mode&quot;:&quot;inherit&quot;,&quot;_ob_perspektive_use&quot;:&quot;no&quot;,&quot;_ob_shadough_use&quot;:&quot;no&quot;,&quot;_ob_allow_hoveranimator&quot;:&quot;no&quot;}\" data-widget_type=\"text-editor.default\">\n\t\t\t\t<div class=\"elementor-widget-container\">\n\t\t\t\t\t<div class=\"elementor-text-editor elementor-clearfix\"><p><strong>Katarzyna Krzykawska<\/strong>\u00a0is a sculptor with gallery exhibits and site-specific art installations in several countries including Poland, USA, Germany, Spain, Mexico and Taiwan. Her work explores the sociocultural context of landscapes. Krzykawska likes to trace obscured, often uncomfortable facts which are concealed by popular belief and established narratives. <br \/>She likes to expose the contradictions of oppositions such as the idealistic utopian versus the pragmatic mundane.<\/p><p>She has been commissioned by various institutions to make park sculptures, monuments, and scenic design.<\/p><p>Krzykawska studied art in Poland and Spain and has received a MA in Sculpture and Art Education as well as PhD, and post doctorate degrees from the Academies of Fine Arts in Cracow and Gdansk. She has taught art at universities in Poland, Italy and Mexico and is currently an Associate Professor in the Department of Landscape Art at the Warsaw University of Life Sciences.<br \/>She lives and works in the US and Poland.<\/p><p>\u00a0<\/p><\/div>\n\t\t\t\t<\/div>\n\t\t\t\t<\/div>\n\t\t\t\t<div class=\"elementor-element elementor-element-4096938 animated-slow elementor-invisible elementor-widget elementor-widget-eael-adv-accordion\" data-id=\"4096938\" data-element_type=\"widget\" data-settings=\"{&quot;_animation&quot;:&quot;fadeInUp&quot;,&quot;_animation_delay&quot;:300,&quot;_ob_perspektive_use&quot;:&quot;no&quot;,&quot;_ob_shadough_use&quot;:&quot;no&quot;,&quot;_ob_allow_hoveranimator&quot;:&quot;no&quot;}\" data-widget_type=\"eael-adv-accordion.default\">\n\t\t\t\t<div class=\"elementor-widget-container\">\n\t\t\t        <div class=\"eael-adv-accordion\" id=\"eael-adv-accordion-4096938\" data-accordion-id=\"4096938\" data-accordion-type=\"accordion\" data-toogle-speed=\"300\">\n    <div class=\"eael-accordion-list\">\n                <div id=\"elementor-tab-title-6771\" class=\"elementor-tab-title eael-accordion-header\" tabindex=\"6771\" data-tab=\"1\" role=\"tab\" aria-controls=\"elementor-tab-content-6771\"><i class=\"fas fa-plus fa-accordion-icon\"><\/i><span class=\"eael-accordion-tab-title\">CV - ART<\/span><i class=\"fas fa-angle-right fa-toggle\"><\/i><\/div><div id=\"elementor-tab-content-6771\" class=\"eael-accordion-content clearfix\" data-tab=\"1\" role=\"tabpanel\" aria-labelledby=\"elementor-tab-title-6771\"><p><p><span lang=\"pl-PL\">Katarzyna Krzykawska<\/span><\/p><p><span lang=\"pl-PL\">POLAND \/ USA<\/span><\/p><p>2017 <span lang=\"es-ES\"><code>\u2003<\/code><\/span>Post-doctoral, Department of Sculpture and Intermedia Arts. ASP Gda\u0144sk, Poland<br \/>2008 <span lang=\"es-ES\"><code>\u2003<\/code><\/span>PhD in Fine Arts, Department of Sculpture, Academy of Fine Arts, Krakow, Poland<\/p><p>2000 <span lang=\"es-ES\"><code>\u2003<\/code><\/span>MA Sculpture, Academy of Fine Arts, Krakow, Poland<\/p><p>1999-2000 <span lang=\"es-ES\"><code>\u2003<\/code><\/span>Universidad Polit\u00e9cnica di Valencia, Spain<\/p><p>1998 <span lang=\"es-ES\"><code>\u2003<\/code><\/span>MA Fine Arts Education. Pedagogical University of Krakow, Poland<\/p><p><span style=\"text-decoration: underline;\">Forthcoming <\/span><\/p><p>2020 <span lang=\"es-ES\"><code>\u2003<\/code><\/span><em>American as a Second Language<\/em>, The Window Project @ machinaloci, Berkeley, USA (solo)<\/p><p><strong>\u00a0 <\/strong><\/p><p><strong><span style=\"text-decoration: underline;\">SELECTED SHOWS AND ART PROJECTS<br \/><\/span>\u00a0<\/strong><\/p><p>2018<code>\u2003<\/code> <em>Spirit&amp;Bones<\/em> by Sarah Bush Dance Project - scenic design, Taube Atrium Theatre, The Wilsey Center for Opera, San Francisco, USA<\/p><p><span lang=\"es-ES\">2017<code>\u2003<\/code> <\/span><span lang=\"es-ES\"><em>Landscape Memory<\/em>,<\/span> <span lang=\"es-ES\">Labolatorio de Artistas Norte 124, Metep<\/span><span lang=\"es-ES\">\u00e9<\/span><span lang=\"es-ES\">c, M<\/span><span lang=\"es-ES\">\u00e9<\/span><span lang=\"es-ES\">xico<\/span><span lang=\"es-ES\"> (solo)<\/span><\/p><p><code>\u2003<\/code><code>\u2003<\/code><code>\u2003<\/code>\u00a0\u00a0 <em>Paired<\/em>, Arboretum Bolestraszyce, Poland (site specific)<\/p><p>2016 <code>\u2003<\/code><em>Swing<\/em>, VI Land Art Festival, \u201cHome\u201d, Bubel \u0141ukowiska, Poland (site specific)<\/p><p>2016<code>\u2003<\/code> <em>Borderline<\/em>, Szczere Pole Gallery, Kryspin\u00f3w, Poland (site specific)<\/p><p>2015 <code>\u2003<\/code><em>Horse and a Polish Case<\/em>. Disinfection of Polish Romantic Landscape, V Land Art Festival, Stary Bubel, Poland (site specific)<\/p><p>2015 <code>\u2003<\/code><em>Cutting \/Thunder<\/em>, Arboretum SGGW Rogow, Poland (site specific)<\/p><p><code>\u2003<\/code><code>\u2003<\/code><code>\u2003<\/code>\u00a0 <em>Tears,<\/em> University of Lviv Botanical Garden, Lviv, Ukraine (site specific)<\/p><p>2014 <code>\u2003<\/code><em>Cloud<\/em>, Arboretum Bolestraszyce, Poland (site specific)<\/p><p><code>\u2003<\/code><code>\u2003<\/code><code>\u2003<\/code>\u00a0 <em>Red Hood<\/em>, Arboretum Bolestraszyce, Poland (site specific)<\/p><p>2013 <code>\u2003<\/code><em>Confiserie Polonaise<\/em>, XX1 Gallery, Warsaw, Poland (solo)<\/p><p><span lang=\"es-ES\"><code>\u2003<\/code><code>\u2003<\/code><code>\u2003<\/code>\u00a0 <em>La Originalidad en la cultura de la copia<\/em><\/span><span lang=\"es-ES\">, El Centro Universitario de las Artes, Ciudad Ju\u00e1rez, M<\/span><span lang=\"es-ES\">\u00e9<\/span><span lang=\"es-ES\">xico<\/span><\/p><p><span lang=\"es-ES\">2012 <code>\u2003<\/code><\/span><span lang=\"es-ES\"><em>Difficult Cases<\/em>,<\/span><span lang=\"es-ES\"> U Piotra Gallery, Arboretum Bolestraszyce, Poland<\/span><span lang=\"es-ES\"> (solo)<\/span><\/p><p><span lang=\"es-ES\">2012<\/span> <code>\u2003<\/code><span lang=\"es-ES\"><em>Stories<\/em>,<\/span><span lang=\"es-ES\"> BWA Gallery, Ostrowiec S\u0301wie\u0328tokrzyski, Poland<\/span><span lang=\"es-ES\"> (solo)<\/span><\/p><p>2011 <code>\u2003<\/code><em>Stones<\/em>, Arboretum Bolestraszyce, Poland (site specific)<\/p><p><code>\u2003<\/code><code>\u2003<\/code><code>\u2003<\/code>\u00a0 <em># D4213D<\/em>, XX1 Gallery, Warsaw, Poland (solo)<\/p><p><span lang=\"es-ES\"><code>\u2003<\/code><code>\u2003<\/code><code>\u2003<\/code>\u00a0<em> Libroarte<\/em><\/span><span lang=\"es-ES\"><em>,<\/em> Biblioteca de la Facultat de Belles Arts in Barcelona, Spain<\/span><\/p><p>2010 <code>\u2003<\/code><em>AB Rh +<\/em>, XS Gallery, Fine Arts Institute, Kielce, Poland (solo)<\/p><p><code>\u2003<\/code><code>\u2003<\/code><code>\u2003<\/code>\u00a0 <em>Wariaty<\/em>, Alles wird Schoen Gallery, Hamburg, Germany (solo)<\/p><p><code>\u2003<\/code><code>\u2003<\/code><code>\u2003<\/code>\u00a0 <em>Import-Export<\/em>, Exhibition in collaboration with Waldemar Sulewski and Kioer group, Essener Strasse, Hamburg, Germany<\/p><p><code>\u2003<\/code><code>\u2003<\/code><code>\u2003<\/code>\u00a0 <em>Sztuka<\/em>, Positionen Polnischer Aktueller Kunst, Schleswig-Holstein, Germany<\/p><p>2009 <code>\u2003<\/code><em>Private Horizontal Line<\/em>, Kinetic Drawings, Meeting in Zdonov, Czechia (site specific)<\/p><p><code>\u2003<\/code><code>\u2003<\/code><code>\u2003<\/code>\u00a0 <em>Searching for EU Standards<\/em>, Vilnius, Lithuania (site specific)<\/p><p><code>\u2003<\/code><code>\u2003<\/code><code>\u2003<\/code>\u00a0 <em>Geumgang Nature Art Pre-Biennale<\/em>, South Korea<\/p><p>2008 <code>\u2003<\/code>International Tsai-mo Ecology Art Exhibition, Taichung City, Taiwan<\/p><\/p><\/div>\n                <\/div><div class=\"eael-accordion-list\">\n                <div id=\"elementor-tab-title-6772\" class=\"elementor-tab-title eael-accordion-header\" tabindex=\"6772\" data-tab=\"2\" role=\"tab\" aria-controls=\"elementor-tab-content-6772\"><i class=\"fas fa-plus fa-accordion-icon\"><\/i><span class=\"eael-accordion-tab-title\">CV - ACADEMIA<\/span><i class=\"fas fa-angle-right fa-toggle\"><\/i><\/div><div id=\"elementor-tab-content-6772\" class=\"eael-accordion-content clearfix\" data-tab=\"2\" role=\"tabpanel\" aria-labelledby=\"elementor-tab-title-6772\"><p><p>Katarzyna Krzykawska<br \/><br \/><\/p><p><span style=\"text-decoration: underline;\"><strong><span lang=\"pl-PL\">EDUCATION<\/span><\/strong><\/span><\/p><p>\u00a0<\/p><p>2017<br \/>Habilitation in Fine Arts (post-doctoral)<\/p><p>Department of Sculpture and Intermedia Art. Academy of Fine Arts, Gdansk, Poland<\/p><p><br \/>2008<\/p><p>PhD in Fine Arts<\/p><p>Department of Sculpture. Academy of Fine Arts, Krakow, Poland<\/p><p>\u00a0<\/p><p>2000<\/p><p>Master of Fine Arts in Sculpture<\/p><p>Academy of Fine Arts, Krakow, Poland<\/p><p>10\/1999-07\/2000<\/p><p>Study Abroad<\/p><p><span lang=\"es-ES\">Universidad Polit\u00e9cnica di Valencia (Spain) via Erasmus Exchange Program<\/span><\/p><p><br \/>1998<\/p><p>Master of Fine Arts Education<\/p><p>Pedagogical University of Krakow. The Art Institute, Krakow, Poland<\/p><p>\u00a0<\/p><p>\u00a0<\/p><p><span style=\"text-decoration: underline;\"><strong>SELECTED ACADEMIC ACTIVITIES 2008-2020<\/strong><\/span><\/p><p>\u00a0<\/p><p><span style=\"text-decoration: underline;\"><strong>Teaching Experience at Universities<\/strong><\/span><\/p><p><br \/>2017- current<\/p><p>Associate Professor at the Warsaw University of Life Sciences (SGGW), Warsaw<\/p><p>Department of Landscape Art<\/p><p>\u00a0<\/p><p>2013-2017<br \/>Assistant Professor at the Warsaw University of Life Sciences (SGGW), Warsaw<\/p><p>Landscape Art Department<\/p><p>Degree program - Landscape Architecture (BA and MA studies)<\/p><ul><li style=\"list-style-type: none;\"><ul><li>Courses: Drawing, Sculpture as a Form of Expression, Environmental Sculpture and Design<\/li><li>Sponsor of Bachelor and Master Graduate Diploma Works<\/li><\/ul><\/li><\/ul><p>\u00a0<\/p><p>2008 -2015<\/p><p>Assistant Professor at the Institute of Fine Arts. The University of Jan Kochanowski, Kielce<\/p><p>Degree programs - Art Education in Visual Arts (BA, MA and PhD studies) and Design (BA)<\/p><ul><li style=\"list-style-type: none;\"><ul><li>Courses: Multimedia, Public Space Interventions, Sculpture and Architecture \u2013 Small Forms, Fundamentals of Graphic Design<\/li><li>Sponsor of Bachelor and Master Graduate Diploma Works<\/li><\/ul><\/li><\/ul><p>\u00a0<\/p><p>\u00a0<\/p><p><span style=\"text-decoration: underline;\"><strong>Visiting Lecturer, Presentations at Academic Institutions, and in Conferences<\/strong><\/span><\/p><p>\u00a0<\/p><p><span lang=\"pl-PL\">Nov, 2019 <\/span><\/p><p>American Iconoclasm and its Traces in \u201cTechniques of Memory\u201d at UC Berkeley, conference: Anti- Monuments, Polish Sculpture Center, Oro\u0144sko, Poland.<\/p><p>\u00a0<\/p><p>Sept, 2019<\/p><p>\u201cArt as a Litmus Paper. The Case of the Polish Countryside\u201d, conference: Understanding the Countryside. Rural Europe in a Post-Global World, IES, University of California, Berkeley.<\/p><p>\u00a0<\/p><p><span lang=\"es-ES\">Feb-Mar, 2017<\/span><\/p><p><span lang=\"es-ES\">Lecture series:<\/span><\/p><p>\u201c<span lang=\"es-ES\">Cultura Popular y Arte Contemporaneo en Polonia y Europa del Este\u201d<\/span><span lang=\"es-ES\">,<\/span><span lang=\"es-ES\"> La Universidad Aut\u00f3noma de Estado de M\u00e9xico.<\/span><\/p><p>\u00a0<\/p><p>Apr-May, 2015<\/p><p>\"Contemporary Art in the Provices. Into the Country.\" Accademia di Belle Arti, Bari, Italy, Erasmus Individual Teaching Program for Teaching Staff Mobility.<\/p><p>\u00a0<\/p><p><span lang=\"es-ES\">Nov, 2012<\/span><\/p><p><span lang=\"es-ES\">Lecture series:<\/span><\/p><p><span lang=\"es-ES\">\"Intervenciones efimeras en la naturaleza\" II Encuentro Internacional de Grafica Contempor\u00e1nea, El Instituto de Arquitectura, Dise\u00f1o y Arte, La Universidad Aut\u00f3noma de Ciudad Ju\u00e1rez, M\u00e9xico.<br \/><\/span><\/p><p><span lang=\"es-ES\">\"Inspiraciones: cultura visual de \u00e9poca comunista en dise\u00f1o y arte contempor\u00e1nea en Polonia\", El Instituto de Arquitectura, Dise\u00f1o y Arte, La Universidad Aut\u00f3noma de Ciudad Ju\u00e1rez, M\u00e9xico.<br \/><\/span><\/p><p><span lang=\"es-ES\"><br \/>Oct, 2012<\/span><\/p><p><span lang=\"es-ES\">\"La Bienal B\u00e1ltico\", 7 Foro Internacional de Arte Contempor\u00e1neo, La Universidad Aut\u00f3noma del Estado de M\u00e9xico, Facultad de Artes, M\u00e9xico. <br \/><\/span><\/p><p>\u00a0<\/p><p>Mar, 2012<\/p><p>\"The Song of Two Songs. Some Words about Contemporary Polish Art\", Teaching Program for Teaching Staff Mobility, Accademia di Belle Arti, Bari, Italy.<\/p><p>\u00a0<\/p><p>Apr, 2010<\/p><p>\u201cBetween natural and artificial. The Summary of Contemporary Space Realizations in Poland \", Umeni Academy in Banska Bystrica, Slovakia.<\/p><p>\u00a0<\/p><p>\u00a0<\/p><p><strong><span style=\"text-decoration: underline;\">Selected texts published<\/span><\/strong><\/p><p>\u00a0<\/p><p>Krzykawska K. (2020). <em>The Struggle with Memory in Memorialisation. American Iconoclasm and its Traces in \u201cTechniques of Memory\u201d at UC Berkeley<\/em>. Sculpture Today IV. Anti- Monuments, Polish Sculpture Center, Oro\u0144sko, Poland, pp.99-106.<br \/><br \/><\/p><p>Krzykawska K. (2019). <em>A Landfill Penisula as an Experimental Use Space. A Case Study of Albany Bulb<\/em>. Acta Sci. Pol. Architectura 18 (4) 2019, pp. 51-60.<\/p><p>\u00a0<\/p><p><span lang=\"pl-PL\">Krzykawska <\/span><span lang=\"pl-PL\">K. (2017).<\/span> <em><span lang=\"es-ES\">Jugar, crear, ver, saber. El espacio para experimentar, jugar, descubrir y aprender,<\/span><\/em><span lang=\"es-ES\"> La Universidad Aut\u00f3noma de Ciudad Ju\u00e1rez, M\u00e9xico, pp. 99-119.<\/span><\/p><p>\u00a0<\/p><p><span lang=\"es-ES\">Krzykawska, K. (2016). <\/span><span lang=\"es-ES\"><em>Intervenciones Efimeras en la Naturaleza<\/em>. <\/span><span lang=\"es-ES\">Intervenciones Efimeras en el Espacio, La Universidad Aut\u00f3noma de Ciudad Ju\u00e1rez, M\u00e9xico, pp. 15-26. <\/span><\/p><p>\u00a0<\/p><p>Krzykawska, K. (2015). <em>Greenery in the City<\/em>. The Projector Cultural Magazine, Kielce ISSN 2353-1037 No.3 \/ 2015; pp. 6-13; <a href=\"http:\/\/www.projektorkielce.pl\/\">http:\/\/www.projektorkielce.pl<\/a><\/p><p>\u00a0<\/p><p>Krzykawska, K. (2015). <em>To see, to Know, to Feel and to Design<\/em>. Seeing the Landscape: The Garden and the Landscape Art, Special edition, pp. 142- 156, ISSN 2084-6150.<\/p><p>\u00a0<\/p><p>Krzykawska, K. (2013). <em>Monuments Will Not Save Us<\/em>. The Projector Cultural Magazine ISSN 2353-1037 No.5 \/ 2013; pp. 10-15; <a href=\"http:\/\/www.projektorkielce.pl\/\">http:\/\/www.projektorkielce.pl<\/a><\/p><p>\u00a0<\/p><p><span lang=\"es-ES\">Katarzyna, K. <\/span><em><span lang=\"es-ES\">La Bienal B<\/span><span lang=\"es-ES\">\u00e1<\/span><\/em><span lang=\"es-ES\"><em>ltico<\/em>. <\/span><span lang=\"es-ES\">7 Foro Internacional de Arte Contempor\u00e1neo, La Universidad Aut\u00f3noma del Estado de M\u00e9xico, Facultad de Artes, M\u00e9xico, pp. 177-188 ISBN 978- 607- 422- 488- 7.<\/span><\/p><p>\u00a0<\/p><p><span lang=\"pl-PL\">Holewi\u0144ski, M. and Krzykawska, K. (2011). <\/span><em>Park Directory System and a Small Architecture Catalog of Forms in Holy Cross National Park<\/em>. Architecture Mountain Region yesterday-today-tomorrow, the International scientific conference of the Institute of Architecture and Urban Planning. Podhale State Vocational College in Nowy Targ, Poland 2011 ISBN 978-83-60621-15-8.<\/p><p>\u00a0<\/p><p>Krzykawska, K. (2009). <em>Between the Natural and the Artificial<\/em>. Polish Sculpture Annals. Volume XIII, Polish Sculpture Center, pp. 159-161.<\/p><p>\u00a0<\/p><\/p><\/div>\n                <\/div><\/div>\t\t<\/div>\n\t\t\t\t<\/div>\n\t\t\t\t\t\t<\/div>\n\t\t\t\t\t<\/div>\n\t\t<\/div>\n\t\t\t\t\t\t\t\t<\/div>\n\t\t\t\t\t<\/div>\n\t\t<\/section>\n\t\t\t\t\t\t<\/div>\n\t\t\t\t\t\t<\/div>\n\t\t\t\t\t<\/div>\n\t\t","protected":false},"excerpt":{"rendered":"<p>Katarzyna (Kasia)Krzykawska Katarzyna Krzykawska\u00a0is a sculptor with gallery exhibits and site-specific art installations in several countries including Poland, USA, Germany, Spain, Mexico and Taiwan. Her work explores the sociocultural context of landscapes. Krzykawska likes to trace obscured, often uncomfortable facts which are concealed by popular belief and established narratives. She likes to expose the contradictions [&hellip;]<\/p>\n","protected":false},"author":1,"featured_media":0,"parent":0,"menu_order":0,"comment_status":"closed","ping_status":"closed","template":"","meta":[],"_links":{"self":[{"href":"https:\/\/krzykawska.com\/index.php\/wp-json\/wp\/v2\/pages\/15"}],"collection":[{"href":"https:\/\/krzykawska.com\/index.php\/wp-json\/wp\/v2\/pages"}],"about":[{"href":"https:\/\/krzykawska.com\/index.php\/wp-json\/wp\/v2\/types\/page"}],"author":[{"embeddable":true,"href":"https:\/\/krzykawska.com\/index.php\/wp-json\/wp\/v2\/users\/1"}],"replies":[{"embeddable":true,"href":"https:\/\/krzykawska.com\/index.php\/wp-json\/wp\/v2\/comments?post=15"}],"version-history":[{"count":40,"href":"https:\/\/krzykawska.com\/index.php\/wp-json\/wp\/v2\/pages\/15\/revisions"}],"predecessor-version":[{"id":766,"href":"https:\/\/krzykawska.com\/index.php\/wp-json\/wp\/v2\/pages\/15\/revisions\/766"}],"wp:attachment":[{"href":"https:\/\/krzykawska.com\/index.php\/wp-json\/wp\/v2\/media?parent=15"}],"curies":[{"name":"wp","href":"https:\/\/api.w.org\/{rel}","templated":true}]}}